{"id":8,"date":"2022-08-22T13:10:49","date_gmt":"2022-08-22T11:10:49","guid":{"rendered":"https:\/\/www.vtic.cz\/?page_id=8"},"modified":"2022-09-05T10:19:08","modified_gmt":"2022-09-05T08:19:08","slug":"elementor-8","status":"publish","type":"page","link":"https:\/\/www.vtic.cz\/","title":{"rendered":"VTIC"},"content":{"rendered":"\t\t<div data-elementor-type=\"wp-post\" data-elementor-id=\"8\" class=\"elementor elementor-8\">\n\t\t\t\t\t\t<section class=\"elementor-section elementor-top-section elementor-element elementor-element-b0cd494 elementor-section-boxed elementor-section-height-default elementor-section-height-default\" data-id=\"b0cd494\" data-element_type=\"section\" data-e-type=\"section\" data-settings=\"{&quot;animation&quot;:&quot;none&quot;}\">\n\t\t\t\t\t\t<div class=\"elementor-container elementor-column-gap-default\">\n\t\t\t\t\t<div class=\"elementor-column elementor-col-50 elementor-top-column elementor-element elementor-element-cfca903 elementor-invisible\" data-id=\"cfca903\" data-element_type=\"column\" data-e-type=\"column\" data-settings=\"{&quot;animation&quot;:&quot;slideInLeft&quot;}\">\n\t\t\t<div class=\"elementor-widget-wrap elementor-element-populated\">\n\t\t\t\t\t\t<div class=\"elementor-element elementor-element-b18654a elementor-widget elementor-widget-text-editor\" data-id=\"b18654a\" data-element_type=\"widget\" data-e-type=\"widget\" data-widget_type=\"text-editor.default\">\n\t\t\t\t<div class=\"elementor-widget-container\">\n\t\t\t\t\t\t\t\t\t<p>Spole\u010dnost VTIC nab\u00edz\u00ed konzultace a poradenstv\u00ed s&nbsp;vysokou p\u0159idanou hodnotou v&nbsp;oblasti informa\u010dn\u00edch a komunika\u010dn\u00edch technologi\u00ed a v oblasti syst\u00e9mov\u00e9 integrace ICT infrastruktury i aplikac\u00ed na dal\u0161\u00ed firemn\u00ed procesy. Zav\u00e1d\u00edte nov\u00e9 aplikace, \u00fa\u010detn\u00ed syst\u00e9my, p\u0159ech\u00e1z\u00edte do cloud\u016f, mobiln\u00edho sv\u011bta, virtualizujete atp.? Jsme p\u0159ipraveni inovovat a transformovat Va\u0161e podnik\u00e1n\u00ed s&nbsp;vyu\u017eit\u00edm nejnov\u011bj\u0161\u00edch technologi\u00ed.<\/p>\n<p>M\u00e1me dlouhodob\u00e9 hlubok\u00e9 znalosti oboru, kontakty, pom\u016f\u017eeme V\u00e1m se v\u0161emi f\u00e1zemi od vstupn\u00ed anal\u00fdzy Va\u0161\u00ed situace, detailn\u00edm n\u00e1vrhem \u0159e\u0161en\u00ed, \u0159\u00edzen\u00edm zm\u011bn a realizac\u00ed v\u010detn\u011b technologick\u00fdch dopad\u016f.<\/p>\n<p>Pokud \u0159e\u0161\u00edte jak\u00fdkoli probl\u00e9m v&nbsp;ICT a hled\u00e1te pomoc, kontaktujte n\u00e1s.<\/p>\t\t\t\t\t\t\t\t<\/div>\n\t\t\t\t<\/div>\n\t\t\t\t\t<\/div>\n\t\t<\/div>\n\t\t\t\t<div class=\"elementor-column elementor-col-50 elementor-top-column elementor-element elementor-element-5930329 elementor-invisible\" data-id=\"5930329\" data-element_type=\"column\" data-e-type=\"column\" data-settings=\"{&quot;animation&quot;:&quot;slideInRight&quot;}\">\n\t\t\t<div class=\"elementor-widget-wrap elementor-element-populated\">\n\t\t\t\t\t\t<div class=\"elementor-element elementor-element-a52135c elementor-widget elementor-widget-image\" data-id=\"a52135c\" data-element_type=\"widget\" data-e-type=\"widget\" data-widget_type=\"image.default\">\n\t\t\t\t<div class=\"elementor-widget-container\">\n\t\t\t\t\t\t\t\t\t\t\t\t\t\t\t<img fetchpriority=\"high\" decoding=\"async\" width=\"1024\" height=\"540\" src=\"https:\/\/www.vtic.cz\/wp-content\/uploads\/2022\/08\/web-g90155f8a8_1920-1024x540.jpg\" class=\"attachment-large size-large wp-image-65\" alt=\"\" srcset=\"https:\/\/www.vtic.cz\/wp-content\/uploads\/2022\/08\/web-g90155f8a8_1920-1024x540.jpg 1024w, https:\/\/www.vtic.cz\/wp-content\/uploads\/2022\/08\/web-g90155f8a8_1920-300x158.jpg 300w, https:\/\/www.vtic.cz\/wp-content\/uploads\/2022\/08\/web-g90155f8a8_1920-768x405.jpg 768w, https:\/\/www.vtic.cz\/wp-content\/uploads\/2022\/08\/web-g90155f8a8_1920-1536x810.jpg 1536w, https:\/\/www.vtic.cz\/wp-content\/uploads\/2022\/08\/web-g90155f8a8_1920.jpg 1920w\" sizes=\"(max-width: 1024px) 100vw, 1024px\" \/>\t\t\t\t\t\t\t\t\t\t\t\t\t\t\t<\/div>\n\t\t\t\t<\/div>\n\t\t\t\t\t<\/div>\n\t\t<\/div>\n\t\t\t\t\t<\/div>\n\t\t<\/section>\n\t\t\t\t<section class=\"elementor-section elementor-top-section elementor-element elementor-element-b4fb670 elementor-section-boxed elementor-section-height-default elementor-section-height-default elementor-invisible\" data-id=\"b4fb670\" data-element_type=\"section\" data-e-type=\"section\" data-settings=\"{&quot;animation&quot;:&quot;slideInUp&quot;}\">\n\t\t\t\t\t\t<div class=\"elementor-container elementor-column-gap-default\">\n\t\t\t\t\t<div class=\"elementor-column elementor-col-50 elementor-top-column elementor-element elementor-element-6d75bad\" data-id=\"6d75bad\" data-element_type=\"column\" data-e-type=\"column\">\n\t\t\t<div class=\"elementor-widget-wrap elementor-element-populated\">\n\t\t\t\t\t\t<div class=\"elementor-element elementor-element-241ede6 elementor-widget elementor-widget-image\" data-id=\"241ede6\" data-element_type=\"widget\" data-e-type=\"widget\" data-widget_type=\"image.default\">\n\t\t\t\t<div class=\"elementor-widget-container\">\n\t\t\t\t\t\t\t\t\t\t\t\t\t\t\t<img decoding=\"async\" width=\"1024\" height=\"709\" src=\"https:\/\/www.vtic.cz\/wp-content\/uploads\/2022\/08\/Mapa-1024x709.jpg\" class=\"attachment-large size-large wp-image-66\" alt=\"\" srcset=\"https:\/\/www.vtic.cz\/wp-content\/uploads\/2022\/08\/Mapa-1024x709.jpg 1024w, https:\/\/www.vtic.cz\/wp-content\/uploads\/2022\/08\/Mapa-300x208.jpg 300w, https:\/\/www.vtic.cz\/wp-content\/uploads\/2022\/08\/Mapa-768x532.jpg 768w, https:\/\/www.vtic.cz\/wp-content\/uploads\/2022\/08\/Mapa.jpg 1199w\" sizes=\"(max-width: 1024px) 100vw, 1024px\" \/>\t\t\t\t\t\t\t\t\t\t\t\t\t\t\t<\/div>\n\t\t\t\t<\/div>\n\t\t\t\t\t<\/div>\n\t\t<\/div>\n\t\t\t\t<div class=\"elementor-column elementor-col-50 elementor-top-column elementor-element elementor-element-118a05b\" data-id=\"118a05b\" data-element_type=\"column\" data-e-type=\"column\">\n\t\t\t<div class=\"elementor-widget-wrap elementor-element-populated\">\n\t\t\t\t\t\t<div class=\"elementor-element elementor-element-bb61633 elementor-widget elementor-widget-text-editor\" data-id=\"bb61633\" data-element_type=\"widget\" data-e-type=\"widget\" data-widget_type=\"text-editor.default\">\n\t\t\t\t<div class=\"elementor-widget-container\">\n\t\t\t\t\t\t\t\t\t<div class=\"left\"><p class=\"bigger\"><b> VTIC, s.r.o. <\/b><\/p><p>Na Cihl\u00e1\u0159ce 30<br \/>150 00 Praha 5<\/p><p>I\u010c: 28201647<br \/>ID datov\u00e9 schr\u00e1nky: pp2bj2f<\/p><p><a href=\"mailto:vtic@vtic.cz\">vtic@vtic.cz<\/a><\/p><p>\u010d.\u00fa.: 2600301068 \/2010<\/p><\/div>\t\t\t\t\t\t\t\t<\/div>\n\t\t\t\t<\/div>\n\t\t\t\t\t<\/div>\n\t\t<\/div>\n\t\t\t\t\t<\/div>\n\t\t<\/section>\n\t\t\t\t<\/div>\n\t\t","protected":false},"excerpt":{"rendered":"<p>Spole\u010dnost VTIC nab\u00edz\u00ed konzultace a poradenstv\u00ed s&nbsp;vysokou p\u0159idanou hodnotou v&nbsp;oblasti informa\u010dn\u00edch a komunika\u010dn\u00edch technologi\u00ed a v oblasti syst\u00e9mov\u00e9 integrace ICT infrastruktury i aplikac\u00ed na dal\u0161\u00ed firemn\u00ed procesy. Zav\u00e1d\u00edte nov\u00e9 aplikace, \u00fa\u010detn\u00ed syst\u00e9my, p\u0159ech\u00e1z\u00edte do cloud\u016f, mobiln\u00edho sv\u011bta, virtualizujete atp.? Jsme p\u0159ipraveni inovovat a transformovat Va\u0161e podnik\u00e1n\u00ed s&nbsp;vyu\u017eit\u00edm nejnov\u011bj\u0161\u00edch technologi\u00ed. M\u00e1me dlouhodob\u00e9 hlubok\u00e9 znalosti oboru, kontakty,&hellip; <br \/> <a class=\"read-more\" href=\"https:\/\/www.vtic.cz\/\">V\u00edce<\/a><\/p>\n","protected":false},"author":3,"featured_media":0,"parent":0,"menu_order":0,"comment_status":"closed","ping_status":"closed","template":"","meta":{"footnotes":""},"class_list":["post-8","page","type-page","status-publish","hentry"],"_links":{"self":[{"href":"https:\/\/www.vtic.cz\/index.php\/wp-json\/wp\/v2\/pages\/8","targetHints":{"allow":["GET"]}}],"collection":[{"href":"https:\/\/www.vtic.cz\/index.php\/wp-json\/wp\/v2\/pages"}],"about":[{"href":"https:\/\/www.vtic.cz\/index.php\/wp-json\/wp\/v2\/types\/page"}],"author":[{"embeddable":true,"href":"https:\/\/www.vtic.cz\/index.php\/wp-json\/wp\/v2\/users\/3"}],"replies":[{"embeddable":true,"href":"https:\/\/www.vtic.cz\/index.php\/wp-json\/wp\/v2\/comments?post=8"}],"version-history":[{"count":37,"href":"https:\/\/www.vtic.cz\/index.php\/wp-json\/wp\/v2\/pages\/8\/revisions"}],"predecessor-version":[{"id":84,"href":"https:\/\/www.vtic.cz\/index.php\/wp-json\/wp\/v2\/pages\/8\/revisions\/84"}],"wp:attachment":[{"href":"https:\/\/www.vtic.cz\/index.php\/wp-json\/wp\/v2\/media?parent=8"}],"curies":[{"name":"wp","href":"https:\/\/api.w.org\/{rel}","templated":true}]}}